{"id":144,"date":"2026-01-10T12:54:16","date_gmt":"2026-01-10T12:54:16","guid":{"rendered":"https:\/\/www.flanmusic.com\/banda-de-musica-flan\/"},"modified":"2026-04-02T14:39:15","modified_gmt":"2026-04-02T14:39:15","slug":"banda-de-musica-flan","status":"publish","type":"page","link":"https:\/\/www.flanmusic.com\/es\/","title":{"rendered":"Banda de m\u00fasica Flan"},"content":{"rendered":"\t\t<div data-elementor-type=\"wp-page\" data-elementor-id=\"144\" class=\"elementor elementor-144 elementor-15\" data-elementor-post-type=\"page\">\n\t\t\t\t<div class=\"elementor-element elementor-element-392870f e-con-full e-flex e-con e-parent\" data-id=\"392870f\" data-element_type=\"container\" data-e-type=\"container\" data-settings=\"{&quot;background_background&quot;:&quot;video&quot;,&quot;background_video_link&quot;:&quot;https:\\\/\\\/youtu.be\\\/ez4qd1mvNps&quot;,&quot;background_play_on_mobile&quot;:&quot;yes&quot;}\">\n\t\t<div class=\"elementor-background-video-container\">\n\t\t\t\t\t\t\t<div class=\"elementor-background-video-embed\" role=\"presentation\"><\/div>\n\t\t\t\t\t\t<\/div>\t\t<div class=\"elementor-element elementor-element-79217e6 elementor-widget elementor-widget-heading\" data-id=\"79217e6\" data-element_type=\"widget\" data-e-type=\"widget\" data-widget_type=\"heading.default\">\n\t\t\t\t\t<h1 class=\"elementor-heading-title elementor-size-default\">Flan  <\/h1>\t\t\t\t<\/div>\n\t\t\t\t<div class=\"elementor-element elementor-element-45ca0e0a elementor-widget elementor-widget-text-editor\" data-id=\"45ca0e0a\" data-element_type=\"widget\" data-e-type=\"widget\" data-widget_type=\"text-editor.default\">\n\t\t\t\t\t\t\t\t\t<p>Un grupo musical que mueve el alma<\/p>\t\t\t\t\t\t\t\t<\/div>\n\t\t\t\t<div class=\"elementor-element elementor-element-7ae9180d elementor-mobile-align-center elementor-align-left elementor-widget elementor-widget-button\" data-id=\"7ae9180d\" data-element_type=\"widget\" data-e-type=\"widget\" data-widget_type=\"button.default\">\n\t\t\t\t\t\t\t\t\t\t<a class=\"elementor-button elementor-button-link elementor-size-sm elementor-animation-grow\" href=\"mailto:flanmusicband@gmail.com?subject=Flan%20Music%20Band\">\n\t\t\t\t\t\t<span class=\"elementor-button-content-wrapper\">\n\t\t\t\t\t\t\t\t\t<span class=\"elementor-button-text\">Contr\u00e1tanos<\/span>\n\t\t\t\t\t<\/span>\n\t\t\t\t\t<\/a>\n\t\t\t\t\t\t\t\t<\/div>\n\t\t\t\t<\/div>\n\t\t<div class=\"elementor-element elementor-element-223af635 e-flex e-con-boxed e-con e-parent\" data-id=\"223af635\" data-element_type=\"container\" data-e-type=\"container\">\n\t\t\t\t\t<div class=\"e-con-inner\">\n\t\t<div class=\"elementor-element elementor-element-16de613e e-con-full e-flex e-con e-child\" data-id=\"16de613e\" data-element_type=\"container\" data-e-type=\"container\">\n\t\t\t\t<div class=\"elementor-element elementor-element-79e0c12f elementor-widget elementor-widget-image\" data-id=\"79e0c12f\" data-element_type=\"widget\" data-e-type=\"widget\" data-widget_type=\"image.default\">\n\t\t\t\t\t\t\t\t\t\t\t\t\t\t\t<img fetchpriority=\"high\" decoding=\"async\" width=\"1707\" height=\"2278\" src=\"https:\/\/www.flanmusic.com\/wp-content\/uploads\/2026\/01\/DSC08080-scaled-e1768759438259.webp\" class=\"attachment-full size-full wp-image-143\" alt=\"Banda de m\u00fasica Flan\" \/>\t\t\t\t\t\t\t\t\t\t\t\t\t\t\t<\/div>\n\t\t\t\t<\/div>\n\t\t<div class=\"elementor-element elementor-element-3a184e07 e-con-full e-flex e-con e-child\" data-id=\"3a184e07\" data-element_type=\"container\" data-e-type=\"container\">\n\t\t\t\t<div class=\"elementor-element elementor-element-5b56a01c elementor-widget elementor-widget-heading\" data-id=\"5b56a01c\" data-element_type=\"widget\" data-e-type=\"widget\" data-widget_type=\"heading.default\">\n\t\t\t\t\t<h3 class=\"elementor-heading-title elementor-size-default\">Sobre nosotras<\/h3>\t\t\t\t<\/div>\n\t\t\t\t<div class=\"elementor-element elementor-element-2d50aeb6 elementor-widget elementor-widget-text-editor\" data-id=\"2d50aeb6\" data-element_type=\"widget\" data-e-type=\"widget\" data-widget_type=\"text-editor.default\">\n\t\t\t\t\t\t\t\t\t<p><strong>FLAN es un tr\u00edo de amigas con base en Barcelona, unidas por a\u00f1os de m\u00fasica, risas y caf\u00e9.<\/strong><\/p><p><strong>Nuestra m\u00fasica se aleja de las influencias internacionales para lograr un sonido ac\u00fastico puro que desaf\u00eda los g\u00e9neros. \u00bfUn est\u00e1ndar de jazz cantado en \u00e1rabe? S\u00ed. \u00bfUn bolero latino con sintetizadores? Tambi\u00e9n. \u00bfUn \u00e9xito de los 80 con guitarra ac\u00fastica y violonchelo? Por supuesto.      <\/strong><\/p><p><strong>Sencilla, emotiva y hermosamente irregular\u2026 igual que el mundo en el que vivimos.<\/strong><\/p><p> <\/p>\t\t\t\t\t\t\t\t<\/div>\n\t\t\t\t<\/div>\n\t\t\t\t\t<\/div>\n\t\t\t\t<\/div>\n\t\t<div class=\"elementor-element elementor-element-4b19b85 e-con-full e-flex e-con e-child\" data-id=\"4b19b85\" data-element_type=\"container\" data-e-type=\"container\" data-settings=\"{&quot;background_background&quot;:&quot;classic&quot;}\">\n\t\t\t\t<div class=\"elementor-element elementor-element-3ad3ffa elementor-widget elementor-widget-heading\" data-id=\"3ad3ffa\" data-element_type=\"widget\" data-e-type=\"widget\" data-widget_type=\"heading.default\">\n\t\t\t\t\t<h3 class=\"elementor-heading-title elementor-size-default\">M\u00edranos tocar<\/h3>\t\t\t\t<\/div>\n\t\t<div class=\"elementor-element elementor-element-4d32e67 e-con-full e-flex e-con e-child\" data-id=\"4d32e67\" data-element_type=\"container\" data-e-type=\"container\">\n\t\t<div class=\"elementor-element elementor-element-e05ca78 e-grid e-con-full e-con e-child\" data-id=\"e05ca78\" data-element_type=\"container\" data-e-type=\"container\">\n\t\t\t\t<div class=\"elementor-element elementor-element-efda67d elementor-widget elementor-widget-video\" data-id=\"efda67d\" data-element_type=\"widget\" data-e-type=\"widget\" data-settings=\"{&quot;youtube_url&quot;:&quot;https:\\\/\\\/youtube.com\\\/shorts\\\/xMc0EGIRCB8?feature=share&quot;,&quot;video_type&quot;:&quot;youtube&quot;,&quot;controls&quot;:&quot;yes&quot;}\" data-widget_type=\"video.default\">\n\t\t\t\t\t\t\t<div class=\"elementor-wrapper elementor-open-inline\">\n\t\t\t<div class=\"elementor-video\"><\/div>\t\t<\/div>\n\t\t\t\t\t\t<\/div>\n\t\t\t\t<div class=\"elementor-element elementor-element-424f7aa elementor-widget elementor-widget-video\" data-id=\"424f7aa\" data-element_type=\"widget\" data-e-type=\"widget\" data-settings=\"{&quot;youtube_url&quot;:&quot;https:\\\/\\\/youtube.com\\\/shorts\\\/NBK6ZJACkzs?feature=share&quot;,&quot;video_type&quot;:&quot;youtube&quot;,&quot;controls&quot;:&quot;yes&quot;}\" data-widget_type=\"video.default\">\n\t\t\t\t\t\t\t<div class=\"elementor-wrapper elementor-open-inline\">\n\t\t\t<div class=\"elementor-video\"><\/div>\t\t<\/div>\n\t\t\t\t\t\t<\/div>\n\t\t\t\t<div class=\"elementor-element elementor-element-f841ff3 elementor-widget elementor-widget-video\" data-id=\"f841ff3\" data-element_type=\"widget\" data-e-type=\"widget\" data-settings=\"{&quot;youtube_url&quot;:&quot;https:\\\/\\\/youtu.be\\\/d14UoHsxgSI&quot;,&quot;video_type&quot;:&quot;youtube&quot;,&quot;controls&quot;:&quot;yes&quot;}\" data-widget_type=\"video.default\">\n\t\t\t\t\t\t\t<div class=\"elementor-wrapper elementor-open-inline\">\n\t\t\t<div class=\"elementor-video\"><\/div>\t\t<\/div>\n\t\t\t\t\t\t<\/div>\n\t\t\t\t<\/div>\n\t\t\t\t<\/div>\n\t\t\t\t<\/div>\n\t\t<div class=\"elementor-element elementor-element-20b9912e e-flex e-con-boxed e-con e-parent\" data-id=\"20b9912e\" data-element_type=\"container\" data-e-type=\"container\" id=\"next\">\n\t\t\t\t\t<div class=\"e-con-inner\">\n\t\t\t\t<div class=\"elementor-element elementor-element-65552964 elementor-widget elementor-widget-heading\" data-id=\"65552964\" data-element_type=\"widget\" data-e-type=\"widget\" data-widget_type=\"heading.default\">\n\t\t\t\t\t<h3 class=\"elementor-heading-title elementor-size-default\">\u00bfQui\u00e9nes somos?<\/h3>\t\t\t\t<\/div>\n\t\t<div class=\"elementor-element elementor-element-9717917 e-grid e-con-full e-con e-child\" data-id=\"9717917\" data-element_type=\"container\" data-e-type=\"container\">\n\t\t\t\t<div class=\"elementor-element elementor-element-41ab3ea4 elementor-position-top elementor-widget elementor-widget-image-box\" data-id=\"41ab3ea4\" data-element_type=\"widget\" data-e-type=\"widget\" data-widget_type=\"image-box.default\">\n\t\t\t\t\t<div class=\"elementor-image-box-wrapper\"><figure class=\"elementor-image-box-img\"><img decoding=\"async\" width=\"1440\" height=\"1920\" src=\"https:\/\/www.flanmusic.com\/wp-content\/uploads\/2026\/01\/DSC07944-scaled.webp\" class=\"elementor-animation-grow attachment-full size-full wp-image-140\" alt=\"Lamis, chelista del grupo de m\u00fasica Flan\" srcset=\"https:\/\/www.flanmusic.com\/wp-content\/uploads\/2026\/01\/DSC07944-scaled.webp 1440w, https:\/\/www.flanmusic.com\/wp-content\/uploads\/2026\/01\/DSC07944-225x300.webp 225w, https:\/\/www.flanmusic.com\/wp-content\/uploads\/2026\/01\/DSC07944-768x1024.webp 768w, https:\/\/www.flanmusic.com\/wp-content\/uploads\/2026\/01\/DSC07944-1152x1536.webp 1152w\" sizes=\"(max-width: 1440px) 100vw, 1440px\" \/><\/figure><div class=\"elementor-image-box-content\"><h4 class=\"elementor-image-box-title\">Lamis<\/h4><p class=\"elementor-image-box-description\">Lamis Khoury es una violonchelista, pianista, vocalista y creadora franco-libanesa cuyo lenguaje musical fusiona la formaci\u00f3n cl\u00e1sica con influencias del jazz, el funk y la m\u00fasica \u00e1rabe.<br>\nSu trayectoria abarca actuaciones en directo, sesiones de improvisaci\u00f3n y composici\u00f3n original, todo ello sustentado por a\u00f1os de estudio dedicado que comenzaron cuando ten\u00eda solo siete a\u00f1os.<br>\nEnraizada en la sensibilidad y la curiosidad, su m\u00fasica refleja una fusi\u00f3n de colores mediterr\u00e1neos e internacionales, enriquecida por la profundidad emocional de la tradici\u00f3n musical \u00e1rabe.<\/p><\/div><\/div>\t\t\t\t<\/div>\n\t\t\t\t<div class=\"elementor-element elementor-element-3d1fad34 elementor-position-top elementor-widget elementor-widget-image-box\" data-id=\"3d1fad34\" data-element_type=\"widget\" data-e-type=\"widget\" data-widget_type=\"image-box.default\">\n\t\t\t\t\t<div class=\"elementor-image-box-wrapper\"><figure class=\"elementor-image-box-img\"><img decoding=\"async\" width=\"1440\" height=\"1920\" src=\"https:\/\/www.flanmusic.com\/wp-content\/uploads\/2026\/01\/DSC07968-scaled.webp\" class=\"elementor-animation-grow attachment-full size-full wp-image-141\" alt=\"Siobhan, pianista de la banda de m\u00fasica Flan\" srcset=\"https:\/\/www.flanmusic.com\/wp-content\/uploads\/2026\/01\/DSC07968-scaled.webp 1440w, https:\/\/www.flanmusic.com\/wp-content\/uploads\/2026\/01\/DSC07968-225x300.jpg 225w, https:\/\/www.flanmusic.com\/wp-content\/uploads\/2026\/01\/DSC07968-768x1024.jpg 768w, https:\/\/www.flanmusic.com\/wp-content\/uploads\/2026\/01\/DSC07968-1152x1536.jpg 1152w, https:\/\/www.flanmusic.com\/wp-content\/uploads\/2026\/01\/DSC07968-1536x2048.jpg 1536w\" sizes=\"(max-width: 1440px) 100vw, 1440px\" \/><\/figure><div class=\"elementor-image-box-content\"><h4 class=\"elementor-image-box-title\">Siobhan<\/h4><p class=\"elementor-image-box-description\">Siobhan Vassallo es pianista, teclista y m\u00fasica de sesi\u00f3n con m\u00e1s de quince a\u00f1os de experiencia interpretando, componiendo y haciendo arreglos.\n\nEn su Malta natal, particip\u00f3 en una gran variedad de proyectos, desde coros de g\u00f3spel y teatro musical hasta bandas de pop y conjuntos comunitarios.\n\nActualmente con base en Barcelona, su pr\u00e1ctica exploratoria se centra en la improvisaci\u00f3n y la colaboraci\u00f3n. En el fondo, se siente como en casa en el mundo del jazz y nunca rechaza un buen \u00abmash-up\u00bb. <\/p><\/div><\/div>\t\t\t\t<\/div>\n\t\t\t\t<div class=\"elementor-element elementor-element-31e45aeb elementor-position-top elementor-widget elementor-widget-image-box\" data-id=\"31e45aeb\" data-element_type=\"widget\" data-e-type=\"widget\" data-widget_type=\"image-box.default\">\n\t\t\t\t\t<div class=\"elementor-image-box-wrapper\"><figure class=\"elementor-image-box-img\"><img loading=\"lazy\" decoding=\"async\" width=\"1440\" height=\"1920\" src=\"https:\/\/www.flanmusic.com\/wp-content\/uploads\/2026\/01\/DSC08021-1-scaled.webp\" class=\"elementor-animation-grow attachment-full size-full wp-image-142\" alt=\"Carla, guitarrista y cantante de la banda de m\u00fasica Flan\" srcset=\"https:\/\/www.flanmusic.com\/wp-content\/uploads\/2026\/01\/DSC08021-1-scaled.webp 1440w, https:\/\/www.flanmusic.com\/wp-content\/uploads\/2026\/01\/DSC08021-1-225x300.webp 225w, https:\/\/www.flanmusic.com\/wp-content\/uploads\/2026\/01\/DSC08021-1-768x1024.webp 768w, https:\/\/www.flanmusic.com\/wp-content\/uploads\/2026\/01\/DSC08021-1-1152x1536.webp 1152w\" sizes=\"(max-width: 1440px) 100vw, 1440px\" \/><\/figure><div class=\"elementor-image-box-content\"><h4 class=\"elementor-image-box-title\">Carla<\/h4><p class=\"elementor-image-box-description\">Carla Uccelli es una artista multidisciplinar con m\u00e1s de diecisiete a\u00f1os de experiencia en m\u00fasica, comedia y teatro.\n\nNacida en Buenos Aires y actualmente afincada en Barcelona, su trabajo se basa en la actuaci\u00f3n en directo y en una conexi\u00f3n estrecha e intuitiva con el p\u00fablico.\n\nComo m\u00fasica y cantautora, crea un sonido pop de inspiraci\u00f3n retro impregnado de \u00abgroove\u00bb e influencias latinas. Adem\u00e1s de publicar su propia m\u00fasica, ha participado en una amplia gama de proyectos musicales, desde conjuntos afrolatinos hasta bandas de funk. <\/p><\/div><\/div>\t\t\t\t<\/div>\n\t\t\t\t<\/div>\n\t\t\t\t\t<\/div>\n\t\t\t\t<\/div>\n\t\t<div class=\"elementor-element elementor-element-7ec60e05 e-flex e-con-boxed e-con e-parent\" data-id=\"7ec60e05\" data-element_type=\"container\" data-e-type=\"container\">\n\t\t\t\t\t<div class=\"e-con-inner\">\n\t\t\t\t<div class=\"elementor-element elementor-element-3460dcb elementor-widget elementor-widget-heading\" data-id=\"3460dcb\" data-element_type=\"widget\" data-e-type=\"widget\" data-widget_type=\"heading.default\">\n\t\t\t\t\t<h2 class=\"elementor-heading-title elementor-size-default\"><h3 data-elementor-setting-key=\"title\" data-pen-placeholder=\"Type Here...\" style=\"font-family: Poppins, sans-serif;font-weight: 600;line-height: 1.1em;font-size: 28px;text-align: center\">\u00bfTe gustar\u00eda que actu\u00e1ramos en tu local?<span style=\"font-family: Roboto, sans-serif;font-size: 2rem;text-align: start\"><\/span><\/h3><\/h2>\t\t\t\t<\/div>\n\t\t\t\t<div class=\"elementor-element elementor-element-c4d76da elementor-mobile-align-center elementor-align-center elementor-widget elementor-widget-button\" data-id=\"c4d76da\" data-element_type=\"widget\" data-e-type=\"widget\" data-widget_type=\"button.default\">\n\t\t\t\t\t\t\t\t\t\t<a class=\"elementor-button elementor-button-link elementor-size-sm elementor-animation-grow\" href=\"mailto:flanmusicband@gmail.com?subject=Flan%20Music%20Band\">\n\t\t\t\t\t\t<span class=\"elementor-button-content-wrapper\">\n\t\t\t\t\t\t\t\t\t<span class=\"elementor-button-text\">Contr\u00e1tanos aqu\u00ed<\/span>\n\t\t\t\t\t<\/span>\n\t\t\t\t\t<\/a>\n\t\t\t\t\t\t\t\t<\/div>\n\t\t\t\t<div class=\"elementor-element elementor-element-278c4e57 elementor-widget elementor-widget-heading\" data-id=\"278c4e57\" data-element_type=\"widget\" data-e-type=\"widget\" data-widget_type=\"heading.default\">\n\t\t\t\t\t<h3 class=\"elementor-heading-title elementor-size-default\">\u00a1S\u00edguenos!<\/h3>\t\t\t\t<\/div>\n\t\t\t\t<div class=\"elementor-element elementor-element-c1d3f8d elementor-shape-circle elementor-grid-0 e-grid-align-center elementor-widget elementor-widget-social-icons\" data-id=\"c1d3f8d\" data-element_type=\"widget\" data-e-type=\"widget\" data-widget_type=\"social-icons.default\">\n\t\t\t\t\t\t\t<div class=\"elementor-social-icons-wrapper elementor-grid\" role=\"list\">\n\t\t\t\t\t\t\t<span class=\"elementor-grid-item\" role=\"listitem\">\n\t\t\t\t\t<a class=\"elementor-icon elementor-social-icon elementor-social-icon-instagram elementor-repeater-item-44d9ed7\" href=\"https:\/\/www.instagram.com\/flan.bcn\/\" target=\"_blank\" rel=\"noopener\">\n\t\t\t\t\t\t<span class=\"elementor-screen-only\">Instagram<\/span>\n\t\t\t\t\t\t<svg aria-hidden=\"true\" class=\"e-font-icon-svg e-fab-instagram\" viewBox=\"0 0 448 512\" xmlns=\"http:\/\/www.w3.org\/2000\/svg\"><path d=\"M224.1 141c-63.6 0-114.9 51.3-114.9 114.9s51.3 114.9 114.9 114.9S339 319.5 339 255.9 287.7 141 224.1 141zm0 189.6c-41.1 0-74.7-33.5-74.7-74.7s33.5-74.7 74.7-74.7 74.7 33.5 74.7 74.7-33.6 74.7-74.7 74.7zm146.4-194.3c0 14.9-12 26.8-26.8 26.8-14.9 0-26.8-12-26.8-26.8s12-26.8 26.8-26.8 26.8 12 26.8 26.8zm76.1 27.2c-1.7-35.9-9.9-67.7-36.2-93.9-26.2-26.2-58-34.4-93.9-36.2-37-2.1-147.9-2.1-184.9 0-35.8 1.7-67.6 9.9-93.9 36.1s-34.4 58-36.2 93.9c-2.1 37-2.1 147.9 0 184.9 1.7 35.9 9.9 67.7 36.2 93.9s58 34.4 93.9 36.2c37 2.1 147.9 2.1 184.9 0 35.9-1.7 67.7-9.9 93.9-36.2 26.2-26.2 34.4-58 36.2-93.9 2.1-37 2.1-147.8 0-184.8zM398.8 388c-7.8 19.6-22.9 34.7-42.6 42.6-29.5 11.7-99.5 9-132.1 9s-102.7 2.6-132.1-9c-19.6-7.8-34.7-22.9-42.6-42.6-11.7-29.5-9-99.5-9-132.1s-2.6-102.7 9-132.1c7.8-19.6 22.9-34.7 42.6-42.6 29.5-11.7 99.5-9 132.1-9s102.7-2.6 132.1 9c19.6 7.8 34.7 22.9 42.6 42.6 11.7 29.5 9 99.5 9 132.1s2.7 102.7-9 132.1z\"><\/path><\/svg>\t\t\t\t\t<\/a>\n\t\t\t\t<\/span>\n\t\t\t\t\t\t\t<span class=\"elementor-grid-item\" role=\"listitem\">\n\t\t\t\t\t<a class=\"elementor-icon elementor-social-icon elementor-social-icon-youtube elementor-repeater-item-a2aed9d\" href=\"https:\/\/www.youtube.com\/@FlanBarcelona\" target=\"_blank\" rel=\"noopener\">\n\t\t\t\t\t\t<span class=\"elementor-screen-only\">Youtube<\/span>\n\t\t\t\t\t\t<svg aria-hidden=\"true\" class=\"e-font-icon-svg e-fab-youtube\" viewBox=\"0 0 576 512\" xmlns=\"http:\/\/www.w3.org\/2000\/svg\"><path d=\"M549.655 124.083c-6.281-23.65-24.787-42.276-48.284-48.597C458.781 64 288 64 288 64S117.22 64 74.629 75.486c-23.497 6.322-42.003 24.947-48.284 48.597-11.412 42.867-11.412 132.305-11.412 132.305s0 89.438 11.412 132.305c6.281 23.65 24.787 41.5 48.284 47.821C117.22 448 288 448 288 448s170.78 0 213.371-11.486c23.497-6.321 42.003-24.171 48.284-47.821 11.412-42.867 11.412-132.305 11.412-132.305s0-89.438-11.412-132.305zm-317.51 213.508V175.185l142.739 81.205-142.739 81.201z\"><\/path><\/svg>\t\t\t\t\t<\/a>\n\t\t\t\t<\/span>\n\t\t\t\t\t<\/div>\n\t\t\t\t\t\t<\/div>\n\t\t\t\t\t<\/div>\n\t\t\t\t<\/div>\n\t\t<div class=\"elementor-element elementor-element-805d8bb e-flex e-con-boxed e-con e-parent\" data-id=\"805d8bb\" data-element_type=\"container\" data-e-type=\"container\">\n\t\t\t\t\t<div class=\"e-con-inner\">\n\t\t\t\t\t<\/div>\n\t\t\t\t<\/div>\n\t\t\t\t<\/div>\n\t\t","protected":false},"excerpt":{"rendered":"<p>Flan Un grupo musical que mueve el alma Contr\u00e1tanos Sobre nosotras FLAN es un tr\u00edo de amigas con base en Barcelona, unidas por a\u00f1os de m\u00fasica, risas y caf\u00e9. Nuestra m\u00fasica se aleja de las influencias internacionales para lograr un sonido ac\u00fastico puro que desaf\u00eda los g\u00e9neros. \u00bfUn est\u00e1ndar de jazz cantado en \u00e1rabe? S\u00ed. [&hellip;]<\/p>\n","protected":false},"author":1,"featured_media":143,"parent":0,"menu_order":0,"comment_status":"closed","ping_status":"closed","template":"","meta":{"footnotes":""},"class_list":["post-144","page","type-page","status-publish","has-post-thumbnail","hentry"],"_links":{"self":[{"href":"https:\/\/www.flanmusic.com\/es\/wp-json\/wp\/v2\/pages\/144","targetHints":{"allow":["GET"]}}],"collection":[{"href":"https:\/\/www.flanmusic.com\/es\/wp-json\/wp\/v2\/pages"}],"about":[{"href":"https:\/\/www.flanmusic.com\/es\/wp-json\/wp\/v2\/types\/page"}],"author":[{"embeddable":true,"href":"https:\/\/www.flanmusic.com\/es\/wp-json\/wp\/v2\/users\/1"}],"replies":[{"embeddable":true,"href":"https:\/\/www.flanmusic.com\/es\/wp-json\/wp\/v2\/comments?post=144"}],"version-history":[{"count":8,"href":"https:\/\/www.flanmusic.com\/es\/wp-json\/wp\/v2\/pages\/144\/revisions"}],"predecessor-version":[{"id":207,"href":"https:\/\/www.flanmusic.com\/es\/wp-json\/wp\/v2\/pages\/144\/revisions\/207"}],"wp:featuredmedia":[{"embeddable":true,"href":"https:\/\/www.flanmusic.com\/es\/wp-json\/wp\/v2\/media\/143"}],"wp:attachment":[{"href":"https:\/\/www.flanmusic.com\/es\/wp-json\/wp\/v2\/media?parent=144"}],"curies":[{"name":"wp","href":"https:\/\/api.w.org\/{rel}","templated":true}]}}